{"id":985,"date":"2022-05-13T12:25:31","date_gmt":"2022-05-13T12:25:31","guid":{"rendered":"https:\/\/chiptuning.turbina.md\/blog-2\/"},"modified":"2022-05-13T13:31:28","modified_gmt":"2022-05-13T13:31:28","slug":"blog","status":"publish","type":"page","link":"https:\/\/chiptuning.turbina.md\/ro\/blog\/","title":{"rendered":"Blog"},"content":{"rendered":"<!--themify_builder_content-->\n<div id=\"themify_builder_content-985\" data-postid=\"985\" class=\"themify_builder_content themify_builder_content-985 themify_builder tf_clear\">\n                    <div  data-lazy=\"1\" class=\"module_row themify_builder_row tb_uqvt663 tb_first tf_w hover-wow\" data-tf-animation_hover=\"zoomIn\">\n                        <div class=\"row_inner col_align_top tb_col_count_1 tf_box tf_rel\">\n                        <div  data-lazy=\"1\" class=\"module_column tb-column col-full tb_0ei3664 first\">\n                    <!-- module fancy heading -->\n<div  class=\"module module-fancy-heading tb_0ojc976 \" data-lazy=\"1\">\n        <h1 class=\"fancy-heading tf_textc\">\n    <span class=\"main-head tf_block\">\n                    Nout\u0103\u021bi            <\/span>\n\n    \n    <span class=\"sub-head tf_block tf_rel\">\n                                <\/span>\n    <\/h1>\n<\/div>\n<!-- \/module fancy heading -->\n<!-- module text -->\n<div  class=\"module module-text tb_aedd510   \" data-lazy=\"1\">\n        <div  class=\"tb_text_wrap\">\n        <p style=\"text-align: center;\">\u0219tiri \u0219i nout\u0103\u021bi<\/p>    <\/div>\n<\/div>\n<!-- \/module text -->        <\/div>\n                        <\/div>\n        <\/div>\n                        <div  data-lazy=\"1\" class=\"module_row themify_builder_row tb_04hc20 tf_w\">\n                        <div class=\"row_inner col_align_top tb_col_count_2 tf_box tf_rel\">\n                        <div  data-lazy=\"1\" class=\"module_column tb-column col3-2 tb_uz9l21 first\">\n                    <!-- module post -->\n<div  class=\"module module-post tb_38kz751  tb_fullwidth_image\">\n    <div  class=\"builder-posts-wrap loops-wrapper grid2 masonry boxed tf_rel tf_clear tf_clearfix tb_ajax_pagination\" data-id=\"tb_38kz751\" data-lazy=\"1\" data-layout=\"fitRows\">\n    <article id=\"post-870\" class=\"post tf_clearfix post-870 type-post status-publish format-standard has-post-thumbnail hentry category-stiri-si-articole has-post-title has-post-date no-post-category no-post-tag no-post-comment no-post-author \">\n\t    \n\t                <figure class=\"post-image tf_clearfix\">\n                                                            <a href=\"https:\/\/chiptuning.turbina.md\/ro\/stiri-si-articole\/deconectarea-ureei-adblue\/\">\n                                        <img loading=\"lazy\" decoding=\"async\" src=\"https:\/\/chiptuning.turbina.md\/wp-content\/uploads\/2022\/03\/otkliucenie-adblue-300x175.jpg\" width=\"300\" height=\"175\" class=\"wp-post-image wp-image-590\" title=\"otkliucenie-adblue\" alt=\"AdBlue\">                                                                    <\/a>\n                                                                <\/figure>\n                    \t<div class=\"post-content\">\n\t\t<div class=\"post-content-inner\">\n\n\t\t\t\t\t\t\t\t<div class=\"post-date-wrap post-date-inline\">\n\t\t<time class=\"post-date entry-date updated\" datetime=\"2022-03-09\">\n\t\t\t\t\t<span class=\"year\">martie 9, 2022<\/span>\n\t\t\t\t<\/time>\n\t<\/div><!-- .post-date-wrap -->\n\t\t\t\t\n\t\t\t<h2 class=\"post-title entry-title\"><a href=\"https:\/\/chiptuning.turbina.md\/ro\/stiri-si-articole\/deconectarea-ureei-adblue\/\">DECONECTAREA UREEI AdBlue<\/a><\/h2>\n\t\t\t\t\t\t\t<p class=\"post-meta entry-meta\">\n\t\t\t\t\t\n\t\t\t\t\t\n\t\t\t\t\t\n\t\t\t\t\t\t\t\t\t<\/p>\n\t\t\t\t<!-- \/post-meta -->\n\t\t\t\n\t\t\t\n\t\t\t        <div class=\"entry-content\">\n\n        \n        <\/div><!-- \/.entry-content -->\n        \n\t\t<\/div>\n\t\t<!-- \/.post-content-inner -->\n\t<\/div>\n\t<!-- \/.post-content -->\n\t\n<\/article>\n<!-- \/.post -->\n<article id=\"post-875\" class=\"post tf_clearfix post-875 type-post status-publish format-standard has-post-thumbnail hentry category-stiri-si-articole has-post-title has-post-date no-post-category no-post-tag no-post-comment no-post-author \">\n\t    \n\t                <figure class=\"post-image tf_clearfix\">\n                                                            <a href=\"https:\/\/chiptuning.turbina.md\/ro\/stiri-si-articole\/inchiderea-indepartarea-supapei-egr\/\">\n                                        <img loading=\"lazy\" decoding=\"async\" src=\"https:\/\/chiptuning.turbina.md\/wp-content\/uploads\/2022\/03\/klapan-egr-300x175.jpg\" width=\"300\" height=\"175\" class=\"wp-post-image wp-image-583\" title=\"klapan-egr\" alt=\"\u041a\u043b\u0430\u043f\u0430\u043d EGR\" srcset=\"https:\/\/chiptuning.turbina.md\/wp-content\/uploads\/2022\/03\/klapan-egr-300x175.jpg 300w, https:\/\/chiptuning.turbina.md\/wp-content\/uploads\/2022\/03\/klapan-egr-768x449.jpg 768w, https:\/\/chiptuning.turbina.md\/wp-content\/uploads\/2022\/03\/klapan-egr.jpg 1000w\" sizes=\"auto, (max-width: 300px) 100vw, 300px\" \/>                                                                    <\/a>\n                                                                <\/figure>\n                    \t<div class=\"post-content\">\n\t\t<div class=\"post-content-inner\">\n\n\t\t\t\t\t\t\t\t<div class=\"post-date-wrap post-date-inline\">\n\t\t<time class=\"post-date entry-date updated\" datetime=\"2022-03-09\">\n\t\t\t\t\t<span class=\"year\">martie 9, 2022<\/span>\n\t\t\t\t<\/time>\n\t<\/div><!-- .post-date-wrap -->\n\t\t\t\t\n\t\t\t<h2 class=\"post-title entry-title\"><a href=\"https:\/\/chiptuning.turbina.md\/ro\/stiri-si-articole\/inchiderea-indepartarea-supapei-egr\/\">\u00ceNCHIDEREA (\u00ceNDEP\u0102RTAREA) SUPAPEI EGR<\/a><\/h2>\n\t\t\t\t\t\t\t<p class=\"post-meta entry-meta\">\n\t\t\t\t\t\n\t\t\t\t\t\n\t\t\t\t\t\n\t\t\t\t\t\t\t\t\t<\/p>\n\t\t\t\t<!-- \/post-meta -->\n\t\t\t\n\t\t\t\n\t\t\t        <div class=\"entry-content\">\n\n        \n        <\/div><!-- \/.entry-content -->\n        \n\t\t<\/div>\n\t\t<!-- \/.post-content-inner -->\n\t<\/div>\n\t<!-- \/.post-content -->\n\t\n<\/article>\n<!-- \/.post -->\n<article id=\"post-879\" class=\"post tf_clearfix post-879 type-post status-publish format-standard has-post-thumbnail hentry category-stiri-si-articole has-post-title has-post-date no-post-category no-post-tag no-post-comment no-post-author \">\n\t    \n\t                <figure class=\"post-image tf_clearfix\">\n                                                            <a href=\"https:\/\/chiptuning.turbina.md\/ro\/stiri-si-articole\/scopul-principal-al-chiptuning\/\">\n                                        <img loading=\"lazy\" decoding=\"async\" src=\"https:\/\/chiptuning.turbina.md\/wp-content\/uploads\/2022\/03\/glavnaya-tsel-chip-tuninga-1024x678-300x175.jpg\" width=\"300\" height=\"175\" class=\"wp-post-image wp-image-567\" title=\"glavnaya-tsel--chip-tuninga\" alt=\"\u0414\u043b\u044f \u0447\u0435\u0433\u043e \u043d\u0443\u0436\u0435\u043d \u0447\u0438\u043f-\u0442\u044e\u043d\u0438\u043d\u0433\">                                                                    <\/a>\n                                                                <\/figure>\n                    \t<div class=\"post-content\">\n\t\t<div class=\"post-content-inner\">\n\n\t\t\t\t\t\t\t\t<div class=\"post-date-wrap post-date-inline\">\n\t\t<time class=\"post-date entry-date updated\" datetime=\"2022-03-01\">\n\t\t\t\t\t<span class=\"year\">martie 1, 2022<\/span>\n\t\t\t\t<\/time>\n\t<\/div><!-- .post-date-wrap -->\n\t\t\t\t\n\t\t\t<h2 class=\"post-title entry-title\"><a href=\"https:\/\/chiptuning.turbina.md\/ro\/stiri-si-articole\/scopul-principal-al-chiptuning\/\">SCOPUL PRINCIPAL AL CHIP TUNING-ului<\/a><\/h2>\n\t\t\t\t\t\t\t<p class=\"post-meta entry-meta\">\n\t\t\t\t\t\n\t\t\t\t\t\n\t\t\t\t\t\n\t\t\t\t\t\t\t\t\t<\/p>\n\t\t\t\t<!-- \/post-meta -->\n\t\t\t\n\t\t\t\n\t\t\t        <div class=\"entry-content\">\n\n        \n        <\/div><!-- \/.entry-content -->\n        \n\t\t<\/div>\n\t\t<!-- \/.post-content-inner -->\n\t<\/div>\n\t<!-- \/.post-content -->\n\t\n<\/article>\n<!-- \/.post -->\n<article id=\"post-882\" class=\"post tf_clearfix post-882 type-post status-publish format-standard has-post-thumbnail hentry category-stiri-si-articole has-post-title has-post-date no-post-category no-post-tag no-post-comment no-post-author \">\n\t    \n\t                <figure class=\"post-image tf_clearfix\">\n                                                            <a href=\"https:\/\/chiptuning.turbina.md\/ro\/stiri-si-articole\/consum-de-carburant-dupa-chiptuning\/\">\n                                        <img loading=\"lazy\" decoding=\"async\" src=\"https:\/\/chiptuning.turbina.md\/wp-content\/uploads\/2022\/02\/raskhod-topliva-posle-chip-tuninga-300x175.jpg\" width=\"300\" height=\"175\" class=\"wp-post-image wp-image-559\" title=\"raskhod-topliva-posle-chip-tuninga\" alt=\"\u0420\u0430\u0441\u0445\u043e\u0434 \u0442\u043e\u043f\u043b\u0438\u0432\u0430 \u043f\u043e\u0441\u043b\u0435 \u0447\u0438\u043f \u0442\u044e\u043d\u0438\u043d\u0433\u0430\">                                                                    <\/a>\n                                                                <\/figure>\n                    \t<div class=\"post-content\">\n\t\t<div class=\"post-content-inner\">\n\n\t\t\t\t\t\t\t\t<div class=\"post-date-wrap post-date-inline\">\n\t\t<time class=\"post-date entry-date updated\" datetime=\"2022-02-28\">\n\t\t\t\t\t<span class=\"year\">februarie 28, 2022<\/span>\n\t\t\t\t<\/time>\n\t<\/div><!-- .post-date-wrap -->\n\t\t\t\t\n\t\t\t<h2 class=\"post-title entry-title\"><a href=\"https:\/\/chiptuning.turbina.md\/ro\/stiri-si-articole\/consum-de-carburant-dupa-chiptuning\/\">CONSUM DE CARBURANT DUP\u0102 CHIP TUNING?<\/a><\/h2>\n\t\t\t\t\t\t\t<p class=\"post-meta entry-meta\">\n\t\t\t\t\t\n\t\t\t\t\t\n\t\t\t\t\t\n\t\t\t\t\t\t\t\t\t<\/p>\n\t\t\t\t<!-- \/post-meta -->\n\t\t\t\n\t\t\t\n\t\t\t        <div class=\"entry-content\">\n\n        \n        <\/div><!-- \/.entry-content -->\n        \n\t\t<\/div>\n\t\t<!-- \/.post-content-inner -->\n\t<\/div>\n\t<!-- \/.post-content -->\n\t\n<\/article>\n<!-- \/.post -->\n    <\/div><!-- .builder-posts-wrap -->\n                                                    <\/div>\n<!-- \/module post -->\n            <\/div>\n                    <div  data-lazy=\"1\" class=\"module_column tb-column col3-1 tb_ivpc726 last\">\n                    <!-- module post -->\n<div  class=\"module module-post tb_lfrq65 \">\n<h3 class=\"module-title\">Noutati recente<\/h3>    <div  class=\"builder-posts-wrap loops-wrapper list-post classic tf_clear tf_clearfix\" data-lazy=\"1\">\n    <article id=\"post-870\" class=\"post tf_clearfix post-870 type-post status-publish format-standard hentry category-stiri-si-articole has-post-title no-post-date has-post-category has-post-tag has-post-comment has-post-author \">\n\t    \n\t\t<div class=\"post-content\">\n\t\t<div class=\"post-content-inner\">\n\n\t\t\t\n\t\t\t<h6 class=\"post-title entry-title\"><a href=\"https:\/\/chiptuning.turbina.md\/ro\/stiri-si-articole\/deconectarea-ureei-adblue\/\">DECONECTAREA UREEI AdBlue<\/a><\/h6>\n\t\t\t\n\t\t\t\n\t\t\t        <div class=\"entry-content\">\n\n        \n        <\/div><!-- \/.entry-content -->\n        \n\t\t<\/div>\n\t\t<!-- \/.post-content-inner -->\n\t<\/div>\n\t<!-- \/.post-content -->\n\t\n<\/article>\n<!-- \/.post -->\n<article id=\"post-875\" class=\"post tf_clearfix post-875 type-post status-publish format-standard hentry category-stiri-si-articole has-post-title no-post-date has-post-category has-post-tag has-post-comment has-post-author \">\n\t    \n\t\t<div class=\"post-content\">\n\t\t<div class=\"post-content-inner\">\n\n\t\t\t\n\t\t\t<h6 class=\"post-title entry-title\"><a href=\"https:\/\/chiptuning.turbina.md\/ro\/stiri-si-articole\/inchiderea-indepartarea-supapei-egr\/\">\u00ceNCHIDEREA (\u00ceNDEP\u0102RTAREA) SUPAPEI EGR<\/a><\/h6>\n\t\t\t\n\t\t\t\n\t\t\t        <div class=\"entry-content\">\n\n        \n        <\/div><!-- \/.entry-content -->\n        \n\t\t<\/div>\n\t\t<!-- \/.post-content-inner -->\n\t<\/div>\n\t<!-- \/.post-content -->\n\t\n<\/article>\n<!-- \/.post -->\n<article id=\"post-879\" class=\"post tf_clearfix post-879 type-post status-publish format-standard hentry category-stiri-si-articole has-post-title no-post-date has-post-category has-post-tag has-post-comment has-post-author \">\n\t    \n\t\t<div class=\"post-content\">\n\t\t<div class=\"post-content-inner\">\n\n\t\t\t\n\t\t\t<h6 class=\"post-title entry-title\"><a href=\"https:\/\/chiptuning.turbina.md\/ro\/stiri-si-articole\/scopul-principal-al-chiptuning\/\">SCOPUL PRINCIPAL AL CHIP TUNING-ului<\/a><\/h6>\n\t\t\t\n\t\t\t\n\t\t\t        <div class=\"entry-content\">\n\n        \n        <\/div><!-- \/.entry-content -->\n        \n\t\t<\/div>\n\t\t<!-- \/.post-content-inner -->\n\t<\/div>\n\t<!-- \/.post-content -->\n\t\n<\/article>\n<!-- \/.post -->\n<article id=\"post-882\" class=\"post tf_clearfix post-882 type-post status-publish format-standard hentry category-stiri-si-articole has-post-title no-post-date has-post-category has-post-tag has-post-comment has-post-author \">\n\t    \n\t\t<div class=\"post-content\">\n\t\t<div class=\"post-content-inner\">\n\n\t\t\t\n\t\t\t<h6 class=\"post-title entry-title\"><a href=\"https:\/\/chiptuning.turbina.md\/ro\/stiri-si-articole\/consum-de-carburant-dupa-chiptuning\/\">CONSUM DE CARBURANT DUP\u0102 CHIP TUNING?<\/a><\/h6>\n\t\t\t\n\t\t\t\n\t\t\t        <div class=\"entry-content\">\n\n        \n        <\/div><!-- \/.entry-content -->\n        \n\t\t<\/div>\n\t\t<!-- \/.post-content-inner -->\n\t<\/div>\n\t<!-- \/.post-content -->\n\t\n<\/article>\n<!-- \/.post -->\n    <\/div><!-- .builder-posts-wrap -->\n            <\/div>\n<!-- \/module post -->\n    <!-- module text -->\n<div  class=\"module module-text tb_5mvy929   \" data-lazy=\"1\">\n        <div  class=\"tb_text_wrap\">\n        <p>Contacte<\/p>    <\/div>\n<\/div>\n<!-- \/module text --><!-- module icon -->\n<div  class=\"module module-icon tb_4pkp638  large none icon_horizontal \" data-lazy=\"1\">\n            <div class=\"module-icon-item\">\n                            <a href=\"tel:+37360786060\">\n                                                                    <em class=\"tf_box\"><svg  class=\"tf_fa tf-ti-mobile\" aria-hidden=\"true\"><use href=\"#tf-ti-mobile\"><\/use><\/svg><\/em>\n                                                                            <span>+37360786060<\/span>\n                                                                    <\/a>\n                    <\/div>\n            <div class=\"module-icon-item\">\n                            <a href=\"mailto:chiptuning@turbina.md\">\n                                                                    <em class=\"tf_box\"><svg  class=\"tf_fa tf-ti-email\" aria-hidden=\"true\"><use href=\"#tf-ti-email\"><\/use><\/svg><\/em>\n                                                                            <span>chiptuning@turbina.md<\/span>\n                                                                    <\/a>\n                    <\/div>\n            <div class=\"module-icon-item\">\n                            <a href=\"https:\/\/goo.gl\/maps\/SRVm11jcKHsA7yEd7\">\n                                                                    <em class=\"tf_box\"><svg  class=\"tf_fa tf-ti-map-alt\" aria-hidden=\"true\"><use href=\"#tf-ti-map-alt\"><\/use><\/svg><\/em>\n                                                                            <span>Chi\u0219inau, Bucovinei 17<\/span>\n                                                                    <\/a>\n                    <\/div>\n    <\/div>\n<!-- \/module icon -->\n<!-- module widget -->\n<div  class=\"module module-widget tb_f6du906  \" data-lazy=\"1\">\n    <div class=\"widget_text widget widget_custom_html\"><div class=\"textwidget custom-html-widget\"><iframe src=\"https:\/\/www.google.com\/maps\/embed?pb=!1m14!1m8!1m3!1d10870.181602478753!2d28.8804876!3d47.0687673!3m2!1i1024!2i768!4f13.1!3m3!1m2!1s0x0%3A0xd76d7c408c6103a4!2sTurbina.md%20-%20Reparatie%20Turbosuflantelor%20Chisinau!5e0!3m2!1sro!2s!4v1651663880100!5m2!1sro!2s\" width=\"100%\" height=\"400\" style=\"border:0;\" allowfullscreen=\"\" loading=\"lazy\" referrerpolicy=\"no-referrer-when-downgrade\"><\/iframe><\/div><\/div><\/div>\n<!-- \/module widget -->\n        <\/div>\n                        <\/div>\n        <\/div>\n        <\/div>\n<!--\/themify_builder_content-->","protected":false},"excerpt":{"rendered":"<p>Nout\u0103\u021bi \u0219tiri \u0219i nout\u0103\u021bi Contacte +37360786060 chiptuning@turbina.md Chi\u0219inau, Bucovinei 17<\/p>\n","protected":false},"author":1,"featured_media":0,"parent":0,"menu_order":0,"comment_status":"closed","ping_status":"closed","template":"","meta":{"footnotes":""},"class_list":["post-985","page","type-page","status-publish","hentry","has-post-title","has-post-date","has-post-category","has-post-tag","has-post-comment","has-post-author",""],"_links":{"self":[{"href":"https:\/\/chiptuning.turbina.md\/ro\/wp-json\/wp\/v2\/pages\/985","targetHints":{"allow":["GET"]}}],"collection":[{"href":"https:\/\/chiptuning.turbina.md\/ro\/wp-json\/wp\/v2\/pages"}],"about":[{"href":"https:\/\/chiptuning.turbina.md\/ro\/wp-json\/wp\/v2\/types\/page"}],"author":[{"embeddable":true,"href":"https:\/\/chiptuning.turbina.md\/ro\/wp-json\/wp\/v2\/users\/1"}],"replies":[{"embeddable":true,"href":"https:\/\/chiptuning.turbina.md\/ro\/wp-json\/wp\/v2\/comments?post=985"}],"version-history":[{"count":13,"href":"https:\/\/chiptuning.turbina.md\/ro\/wp-json\/wp\/v2\/pages\/985\/revisions"}],"predecessor-version":[{"id":1002,"href":"https:\/\/chiptuning.turbina.md\/ro\/wp-json\/wp\/v2\/pages\/985\/revisions\/1002"}],"wp:attachment":[{"href":"https:\/\/chiptuning.turbina.md\/ro\/wp-json\/wp\/v2\/media?parent=985"}],"curies":[{"name":"wp","href":"https:\/\/api.w.org\/{rel}","templated":true}]}}