{"id":956,"date":"2016-08-06T17:41:40","date_gmt":"2016-08-06T17:41:40","guid":{"rendered":"https:\/\/chiptuning.turbina.md\/portfolio\/"},"modified":"2022-05-06T14:49:48","modified_gmt":"2022-05-06T14:49:48","slug":"portfolio","status":"publish","type":"page","link":"https:\/\/chiptuning.turbina.md\/ro\/portfolio\/","title":{"rendered":"Portfolio"},"content":{"rendered":"<!--themify_builder_content-->\n<div id=\"themify_builder_content-956\" data-postid=\"956\" class=\"themify_builder_content themify_builder_content-956 themify_builder tf_clear\">\n                    <div  data-lazy=\"1\" class=\"module_row themify_builder_row tb_fe58c64 tb_first tf_w\">\n            <span class=\"builder_row_cover tf_abs\"><\/span>            <div class=\"row_inner col_align_top tb_col_count_1 tf_box tf_rel\">\n                        <div  data-lazy=\"1\" class=\"module_column tb-column col-full tb_bb1b33d first\">\n                    <!-- module text -->\n<div  class=\"module module-text tb_2c0aaca    wow\" data-tf-animation=\"fadeInUp\" data-lazy=\"1\">\n        <div  class=\"tb_text_wrap\">\n        <h1>Exemple ale muncii noastre<\/h1>\n    <\/div>\n<\/div>\n<!-- \/module text --><!-- module text -->\n<div  class=\"module module-text tb_os56422    wow\" data-tf-animation=\"fadeInUp\" data-lazy=\"1\">\n        <div  class=\"tb_text_wrap\">\n        <p>reglarea cipurilor, \u00eendep\u0103rtarea filtrului de particule, \u00eendep\u0103rtarea EGR, \u00eendep\u0103rtarea catalizatorului etc.<\/p>\n    <\/div>\n<\/div>\n<!-- \/module text -->        <\/div>\n                        <\/div>\n        <\/div>\n                        <div  data-css_id=\"a351e37\" data-lazy=\"1\" class=\"module_row themify_builder_row fullwidth tb_a351e37 tf_w\">\n                        <div class=\"row_inner col_align_top tb_col_count_1 tf_box tf_rel\">\n                        <div  data-lazy=\"1\" class=\"module_column tb-column col-full tb_0e1eb13 first\">\n                    <!-- module post -->\n<div  class=\"module module-post tb_b50afb2  wow\" data-tf-animation=\"fadeInUp\">\n    <div  class=\"builder-posts-wrap loops-wrapper portfolio grid4 masonry classic tf_rel tf_clear tf_clearfix\" data-lazy=\"1\">\n    <article id=\"post-935\" class=\"post tf_clearfix post-935 portfolio type-portfolio status-publish has-post-thumbnail hentry portfolio-category-exemple-lucrari has-post-title no-post-date has-post-category has-post-tag has-post-comment has-post-author \">\n\t    \n\t                <figure class=\"post-image tf_clearfix\">\n                                                            <a href=\"https:\/\/chiptuning.turbina.md\/ro\/projects\/chip-tuning-bmw-e90-2-0d\/\">\n                                        <img loading=\"lazy\" decoding=\"async\" src=\"https:\/\/chiptuning.turbina.md\/wp-content\/uploads\/2022\/02\/chip-tuning-bmw-e90-386x270.jpg\" width=\"386\" height=\"270\" class=\"wp-post-image wp-image-390\" title=\"chip-tuning-bmw-e90\" alt=\"\u0427\u0438\u043f \u0422\u044e\u043d\u0438\u043d\u0433 BMW E90\" srcset=\"https:\/\/chiptuning.turbina.md\/wp-content\/uploads\/2022\/02\/chip-tuning-bmw-e90-386x270.jpg 386w, https:\/\/chiptuning.turbina.md\/wp-content\/uploads\/2022\/02\/chip-tuning-bmw-e90-300x210.jpg 300w, https:\/\/chiptuning.turbina.md\/wp-content\/uploads\/2022\/02\/chip-tuning-bmw-e90-768x538.jpg 768w, https:\/\/chiptuning.turbina.md\/wp-content\/uploads\/2022\/02\/chip-tuning-bmw-e90.jpg 800w\" sizes=\"auto, (max-width: 386px) 100vw, 386px\" \/>                                                                    <\/a>\n                                                                <\/figure>\n                    \t<div class=\"post-content\">\n\t\t<div class=\"post-content-inner\">\n\n\t\t\t\n\t\t\t<h2 class=\"post-title entry-title\"><a href=\"https:\/\/chiptuning.turbina.md\/ro\/projects\/chip-tuning-bmw-e90-2-0d\/\">Chip Tuning la BMW E90 2.0D<\/a><\/h2>\n\t\t\t\n\t\t\t\n\t\t\t        <div class=\"entry-content\">\n\n        \n        <\/div><!-- \/.entry-content -->\n        \n\t\t<\/div>\n\t\t<!-- \/.post-content-inner -->\n\t<\/div>\n\t<!-- \/.post-content -->\n\t\n<\/article>\n<!-- \/.post -->\n<article id=\"post-937\" class=\"post tf_clearfix post-937 portfolio type-portfolio status-publish has-post-thumbnail hentry portfolio-category-exemple-lucrari has-post-title no-post-date has-post-category has-post-tag has-post-comment has-post-author \">\n\t    \n\t                <figure class=\"post-image tf_clearfix\">\n                                                            <a href=\"https:\/\/chiptuning.turbina.md\/ro\/projects\/chip-tuning-bmw-f30\/\">\n                                        <img loading=\"lazy\" decoding=\"async\" src=\"https:\/\/chiptuning.turbina.md\/wp-content\/uploads\/2022\/02\/BMW-F30-386x270.jpg\" width=\"386\" height=\"270\" class=\"wp-post-image wp-image-379\" title=\"BMW-F30\" alt=\"\u0427\u0438\u043f \u0442\u044e\u043d\u0438\u043d\u0433 BMW\" srcset=\"https:\/\/chiptuning.turbina.md\/wp-content\/uploads\/2022\/02\/BMW-F30-386x270.jpg 386w, https:\/\/chiptuning.turbina.md\/wp-content\/uploads\/2022\/02\/BMW-F30-300x210.jpg 300w, https:\/\/chiptuning.turbina.md\/wp-content\/uploads\/2022\/02\/BMW-F30-768x538.jpg 768w, https:\/\/chiptuning.turbina.md\/wp-content\/uploads\/2022\/02\/BMW-F30.jpg 800w\" sizes=\"auto, (max-width: 386px) 100vw, 386px\" \/>                                                                    <\/a>\n                                                                <\/figure>\n                    \t<div class=\"post-content\">\n\t\t<div class=\"post-content-inner\">\n\n\t\t\t\n\t\t\t<h2 class=\"post-title entry-title\"><a href=\"https:\/\/chiptuning.turbina.md\/ro\/projects\/chip-tuning-bmw-f30\/\">Chip Tuning BMW F30 316D<\/a><\/h2>\n\t\t\t\n\t\t\t\n\t\t\t        <div class=\"entry-content\">\n\n        \n        <\/div><!-- \/.entry-content -->\n        \n\t\t<\/div>\n\t\t<!-- \/.post-content-inner -->\n\t<\/div>\n\t<!-- \/.post-content -->\n\t\n<\/article>\n<!-- \/.post -->\n<article id=\"post-938\" class=\"post tf_clearfix post-938 portfolio type-portfolio status-publish has-post-thumbnail hentry portfolio-category-exemple-lucrari has-post-title no-post-date has-post-category has-post-tag has-post-comment has-post-author \">\n\t    \n\t                <figure class=\"post-image tf_clearfix\">\n                                                            <a href=\"https:\/\/chiptuning.turbina.md\/ro\/projects\/chip-tuning-si-dezactivarea-supapei-egr-audi-a3\/\">\n                                        <img loading=\"lazy\" decoding=\"async\" src=\"https:\/\/chiptuning.turbina.md\/wp-content\/uploads\/2022\/02\/Audi-a3-egr-386x270.jpg\" width=\"386\" height=\"270\" class=\"wp-post-image wp-image-343\" title=\"Audi-a3-egr\" alt=\"Audi A3 EGR\" srcset=\"https:\/\/chiptuning.turbina.md\/wp-content\/uploads\/2022\/02\/Audi-a3-egr-386x270.jpg 386w, https:\/\/chiptuning.turbina.md\/wp-content\/uploads\/2022\/02\/Audi-a3-egr-300x210.jpg 300w, https:\/\/chiptuning.turbina.md\/wp-content\/uploads\/2022\/02\/Audi-a3-egr-768x538.jpg 768w, https:\/\/chiptuning.turbina.md\/wp-content\/uploads\/2022\/02\/Audi-a3-egr.jpg 800w\" sizes=\"auto, (max-width: 386px) 100vw, 386px\" \/>                                                                    <\/a>\n                                                                <\/figure>\n                    \t<div class=\"post-content\">\n\t\t<div class=\"post-content-inner\">\n\n\t\t\t\n\t\t\t<h2 class=\"post-title entry-title\"><a href=\"https:\/\/chiptuning.turbina.md\/ro\/projects\/chip-tuning-si-dezactivarea-supapei-egr-audi-a3\/\">Chip tuning-ul \u0219i dezactivare supapei EGR la Audi A3 1.6 TDI<\/a><\/h2>\n\t\t\t\n\t\t\t\n\t\t\t        <div class=\"entry-content\">\n\n        \n        <\/div><!-- \/.entry-content -->\n        \n\t\t<\/div>\n\t\t<!-- \/.post-content-inner -->\n\t<\/div>\n\t<!-- \/.post-content -->\n\t\n<\/article>\n<!-- \/.post -->\n<article id=\"post-939\" class=\"post tf_clearfix post-939 portfolio type-portfolio status-publish has-post-thumbnail hentry portfolio-category-exemple-lucrari has-post-title no-post-date has-post-category has-post-tag has-post-comment has-post-author \">\n\t    \n\t                <figure class=\"post-image tf_clearfix\">\n                                                            <a href=\"https:\/\/chiptuning.turbina.md\/ro\/projects\/indepartarea-filtrului-de-particule-peugeot-partner\/\">\n                                        <img loading=\"lazy\" decoding=\"async\" src=\"https:\/\/chiptuning.turbina.md\/wp-content\/uploads\/2022\/02\/Peugeot-Partner-1-386x270.jpg\" width=\"386\" height=\"270\" class=\"wp-post-image wp-image-333\" title=\"Peugeot-Partner (1)\" alt=\"Peugeot-Partner \" srcset=\"https:\/\/chiptuning.turbina.md\/wp-content\/uploads\/2022\/02\/Peugeot-Partner-1-386x270.jpg 386w, https:\/\/chiptuning.turbina.md\/wp-content\/uploads\/2022\/02\/Peugeot-Partner-1-300x210.jpg 300w, https:\/\/chiptuning.turbina.md\/wp-content\/uploads\/2022\/02\/Peugeot-Partner-1-768x538.jpg 768w, https:\/\/chiptuning.turbina.md\/wp-content\/uploads\/2022\/02\/Peugeot-Partner-1.jpg 800w\" sizes=\"auto, (max-width: 386px) 100vw, 386px\" \/>                                                                    <\/a>\n                                                                <\/figure>\n                    \t<div class=\"post-content\">\n\t\t<div class=\"post-content-inner\">\n\n\t\t\t\n\t\t\t<h2 class=\"post-title entry-title\"><a href=\"https:\/\/chiptuning.turbina.md\/ro\/projects\/indepartarea-filtrului-de-particule-peugeot-partner\/\">\u00cendep\u0103rtarea filtrului de particule la Peugeot Partner<\/a><\/h2>\n\t\t\t\n\t\t\t\n\t\t\t        <div class=\"entry-content\">\n\n        \n        <\/div><!-- \/.entry-content -->\n        \n\t\t<\/div>\n\t\t<!-- \/.post-content-inner -->\n\t<\/div>\n\t<!-- \/.post-content -->\n\t\n<\/article>\n<!-- \/.post -->\n    <\/div><!-- .builder-posts-wrap -->\n                                                <\/div>\n<!-- \/module post -->\n            <\/div>\n                        <\/div>\n        <\/div>\n                        <div  data-css_id=\"b78q888\" data-lazy=\"1\" class=\"module_row themify_builder_row fullwidth tb_b78q888 tf_w\">\n                        <div class=\"row_inner col_align_top tb_col_count_2 tf_box tf_rel\">\n                        <div  data-lazy=\"1\" class=\"module_column tb-column col4-2 tb_8y8c889 first\">\n                    <!-- module text -->\n<div  class=\"module module-text tb_33a2938   \" data-lazy=\"1\">\n        <div  class=\"tb_text_wrap\">\n        <p>UTILIZA\u021aI AUTOMOBIL<\/p>    <\/div>\n<\/div>\n<!-- \/module text --><!-- module text -->\n<div  class=\"module module-text tb_2foo889   \" data-lazy=\"1\">\n        <div  class=\"tb_text_wrap\">\n        <p>LA PUTEREA MAXIMAL\u0102<\/p>\n    <\/div>\n<\/div>\n<!-- \/module text --><!-- module text -->\n<div  class=\"module module-text tb_qe0i601   \" data-lazy=\"1\">\n        <div  class=\"tb_text_wrap\">\n        <p>Dori\u021bi s\u0103 comanda\u021bi unul dintre serviciile auto chip tuning?<\/p>    <\/div>\n<\/div>\n<!-- \/module text --><!-- module icon -->\n<div  class=\"module module-icon tb_k515890  large circle icon_horizontal tf_textc\" data-lazy=\"1\">\n            <div class=\"module-icon-item\">\n                            <a href=\"tel:+37360786060\">\n                                                                    <em class=\"tf_box\"><svg  class=\"tf_fa tf-la-phone-volume-solid\" aria-hidden=\"true\"><use href=\"#tf-la-phone-volume-solid\"><\/use><\/svg><\/em>\n                                                                            <span>+373 (60) 78-60-60<\/span>\n                                                                    <\/a>\n                    <\/div>\n    <\/div>\n<!-- \/module icon -->\n        <\/div>\n                    <div  data-lazy=\"1\" class=\"module_column tb-column col4-2 tb_cj8o890 last\">\n                    <!-- module image -->\n<div  class=\"module module-image tb_v64p890 image-left   tf_mw wow\" data-tf-animation=\"fadeInLeft\" data-lazy=\"1\">\n        <div class=\"image-wrap tf_rel tf_mw\">\n            <img loading=\"lazy\" decoding=\"async\" width=\"633\" height=\"238\" src=\"https:\/\/chiptuning.turbina.md\/wp-content\/uploads\/2022\/02\/car-1.png\" class=\"wp-post-image wp-image-264\" title=\"car\" alt=\"\u0427\u0438\u043f \u0442\u044e\u043d\u0438\u043d\u0433 \u043c\u0430\u0448\u0438\u043d\u044b\" srcset=\"https:\/\/chiptuning.turbina.md\/wp-content\/uploads\/2022\/02\/car-1.png 633w, https:\/\/chiptuning.turbina.md\/wp-content\/uploads\/2022\/02\/car-1-300x113.png 300w\" sizes=\"auto, (max-width: 633px) 100vw, 633px\" \/>    \n        <\/div>\n    <!-- \/image-wrap -->\n    \n        <\/div>\n<!-- \/module image -->        <\/div>\n                        <\/div>\n        <\/div>\n        <\/div>\n<!--\/themify_builder_content-->\n<p>&nbsp;<\/p>","protected":false},"excerpt":{"rendered":"<p>Exemple ale muncii noastre reglarea cipurilor, \u00eendep\u0103rtarea filtrului de particule, \u00eendep\u0103rtarea EGR, \u00eendep\u0103rtarea catalizatorului etc. UTILIZA\u021aI AUTOMOBIL LA PUTEREA MAXIMAL\u0102 Dori\u021bi s\u0103 comanda\u021bi unul dintre serviciile auto chip tuning? +373 (60) 78-60-60 &nbsp;<\/p>\n","protected":false},"author":1,"featured_media":0,"parent":0,"menu_order":0,"comment_status":"closed","ping_status":"closed","template":"","meta":{"footnotes":""},"class_list":["post-956","page","type-page","status-publish","hentry","has-post-title","has-post-date","has-post-category","has-post-tag","has-post-comment","has-post-author",""],"_links":{"self":[{"href":"https:\/\/chiptuning.turbina.md\/ro\/wp-json\/wp\/v2\/pages\/956","targetHints":{"allow":["GET"]}}],"collection":[{"href":"https:\/\/chiptuning.turbina.md\/ro\/wp-json\/wp\/v2\/pages"}],"about":[{"href":"https:\/\/chiptuning.turbina.md\/ro\/wp-json\/wp\/v2\/types\/page"}],"author":[{"embeddable":true,"href":"https:\/\/chiptuning.turbina.md\/ro\/wp-json\/wp\/v2\/users\/1"}],"replies":[{"embeddable":true,"href":"https:\/\/chiptuning.turbina.md\/ro\/wp-json\/wp\/v2\/comments?post=956"}],"version-history":[{"count":3,"href":"https:\/\/chiptuning.turbina.md\/ro\/wp-json\/wp\/v2\/pages\/956\/revisions"}],"predecessor-version":[{"id":960,"href":"https:\/\/chiptuning.turbina.md\/ro\/wp-json\/wp\/v2\/pages\/956\/revisions\/960"}],"wp:attachment":[{"href":"https:\/\/chiptuning.turbina.md\/ro\/wp-json\/wp\/v2\/media?parent=956"}],"curies":[{"name":"wp","href":"https:\/\/api.w.org\/{rel}","templated":true}]}}